{"id":6646,"date":"2025-08-20T12:35:51","date_gmt":"2025-08-20T16:35:51","guid":{"rendered":"https:\/\/canadianmeatgoat.com\/?page_id=6646"},"modified":"2025-08-22T08:36:09","modified_gmt":"2025-08-22T12:36:09","slug":"abonnes","status":"publish","type":"page","link":"https:\/\/canadianmeatgoat.com\/fr\/abonnes\/","title":{"rendered":"Abonn\u00e9s \u00e0 la Revue canadienne de la ch\u00e8vre de boucherie"},"content":{"rendered":"\t\t<div data-elementor-type=\"wp-page\" data-elementor-id=\"6646\" class=\"elementor elementor-6646 elementor-6645\" data-elementor-post-type=\"page\">\n\t\t\t\t\t\t<section class=\"elementor-section elementor-top-section elementor-element elementor-element-4786d44 elementor-section-height-min-height elementor-section-items-top elementor-section-boxed elementor-section-height-default\" data-id=\"4786d44\" data-element_type=\"section\" data-e-type=\"section\" data-settings=\"{&quot;background_background&quot;:&quot;classic&quot;}\">\n\t\t\t\t\t\t\t<div class=\"elementor-background-overlay\"><\/div>\n\t\t\t\t\t\t\t<div class=\"elementor-container elementor-column-gap-default\">\n\t\t\t\t\t<div class=\"elementor-column elementor-col-100 elementor-top-column elementor-element elementor-element-a1921a3\" data-id=\"a1921a3\" data-element_type=\"column\" data-e-type=\"column\">\n\t\t\t<div class=\"elementor-widget-wrap elementor-element-populated\">\n\t\t\t\t\t\t<div class=\"elementor-element elementor-element-e025620 elementor-widget elementor-widget-heading\" data-id=\"e025620\" data-element_type=\"widget\" data-e-type=\"widget\" data-widget_type=\"heading.default\">\n\t\t\t\t<div class=\"elementor-widget-container\">\n\t\t\t\t\t<h1 class=\"elementor-heading-title elementor-size-default\">Abonn\u00e9s \u00e0 la Revue canadienne de la ch\u00e8vre de boucherie<\/h1>\t\t\t\t<\/div>\n\t\t\t\t<\/div>\n\t\t\t\t\t<\/div>\n\t\t<\/div>\n\t\t\t\t\t<\/div>\n\t\t<\/section>\n\t\t\t\t<section class=\"elementor-section elementor-top-section elementor-element elementor-element-4c80f3b animated-slow jedv-enabled--yes elementor-section-boxed elementor-section-height-default elementor-section-height-default elementor-invisible\" data-id=\"4c80f3b\" data-element_type=\"section\" data-e-type=\"section\" data-settings=\"{&quot;animation&quot;:&quot;fadeIn&quot;}\">\n\t\t\t\t\t\t<div class=\"elementor-container elementor-column-gap-default\">\n\t\t\t\t\t<div class=\"elementor-column elementor-col-100 elementor-top-column elementor-element elementor-element-c1a9273\" data-id=\"c1a9273\" data-element_type=\"column\" data-e-type=\"column\">\n\t\t\t<div class=\"elementor-widget-wrap elementor-element-populated\">\n\t\t\t\t\t\t<div class=\"elementor-element elementor-element-d3a584b elementor-widget-divider--view-line elementor-widget elementor-widget-divider\" data-id=\"d3a584b\" data-element_type=\"widget\" data-e-type=\"widget\" data-widget_type=\"divider.default\">\n\t\t\t\t<div class=\"elementor-widget-container\">\n\t\t\t\t\t\t\t<div class=\"elementor-divider\">\n\t\t\t<span class=\"elementor-divider-separator\">\n\t\t\t\t\t\t<\/span>\n\t\t<\/div>\n\t\t\t\t\t\t<\/div>\n\t\t\t\t<\/div>\n\t\t\t\t<div class=\"elementor-element elementor-element-d8f00d9 elementor-widget__width-initial elementor-widget elementor-widget-text-editor\" data-id=\"d8f00d9\" data-element_type=\"widget\" data-e-type=\"widget\" data-widget_type=\"text-editor.default\">\n\t\t\t\t<div class=\"elementor-widget-container\">\n\t\t\t\t\t\t\t\t\t<p class=\"p1\">Bienvenue dans l&rsquo;espace r\u00e9serv\u00e9 aux abonn\u00e9s de la Revue canadienne de la ch\u00e8vre de boucherie. Veuillez vous connecter pour y acc\u00e9der.<\/p>\t\t\t\t\t\t\t\t<\/div>\n\t\t\t\t<\/div>\n\t\t\t\t<div class=\"elementor-element elementor-element-6a1192d elementor-widget elementor-widget-login\" data-id=\"6a1192d\" data-element_type=\"widget\" data-e-type=\"widget\" data-widget_type=\"login.default\">\n\t\t\t\t<div class=\"elementor-widget-container\">\n\t\t\t\t\t\t\t<form class=\"elementor-login elementor-form\" method=\"post\" action=\"https:\/\/canadianmeatgoat.com\/fr\/gestion\/\" aria-label=\"Login form\">\n\t\t\t<input type=\"hidden\" name=\"redirect_to\" value=\"https:\/\/canadianmeatgoat.com\/fr\/abonnes-a-la-revue-canadienne-de-la-chevre-de-boucherie\/\">\n\t\t\t<div class=\"elementor-form-fields-wrapper\">\n\t\t\t\t<div class=\"elementor-field-type-text elementor-field-group elementor-column elementor-col-100 elementor-field-required\">\n\t\t\t\t\t<label for=\"user-6a1192d\" class=\"elementor-field-label\">Adresse courriel<\/label>\n\t\t\t\t\t<input size=\"1\" type=\"text\" name=\"log\" id=\"user-6a1192d\" placeholder=\"Adresse courriel\" class=\"elementor-field elementor-field-textual elementor-size-sm\">\n\t\t\t\t<\/div>\n\t\t\t\t<div class=\"elementor-field-type-text elementor-field-group elementor-column elementor-col-100 elementor-field-required\">\n\t\t\t\t\t<label for=\"password-6a1192d\" class=\"elementor-field-label\">Mot de passe<\/label>\n\t\t\t\t\t<input size=\"1\" type=\"password\" name=\"pwd\" id=\"password-6a1192d\" placeholder=\"Mot de passe\" class=\"elementor-field elementor-field-textual elementor-size-sm\">\n\t\t\t\t<\/div>\n\n\t\t\t\t\n\t\t\t\t<div class=\"elementor-field-group elementor-column elementor-field-type-submit elementor-col-100\">\n\t\t\t\t\t<button type=\"submit\" class=\"elementor-size-sm elementor-button\" name=\"wp-submit\">\n\t\t\t\t\t\t\t\t\t\t\t\t\t\t\t<span class=\"elementor-button-text\">Se connecter<\/span>\n\t\t\t\t\t\t\t\t\t\t\t\t<\/button>\n\t\t\t\t<\/div>\n\n\t\t\t\t\t\t\t<\/div>\n\t\t<\/form>\n\t\t\t\t\t\t<\/div>\n\t\t\t\t<\/div>\n\t\t\t\t\t<\/div>\n\t\t<\/div>\n\t\t\t\t\t<\/div>\n\t\t<\/section>\n\t\t\t\t<\/div>\n\t\t","protected":false},"excerpt":{"rendered":"<p>Bienvenue dans l&rsquo;espace r\u00e9serv\u00e9 aux abonn\u00e9s de la Revue canadienne de la ch\u00e8vre de boucherie. Veuillez vous connecter pour y acc\u00e9der. Bienvenue \u00e0 l\u2019espace pour les abonn\u00e9s \u00e0 la Revue canadienne de la ch\u00e8vre de boucherie. Retrouvez dans cet espace toutes les \u00e9ditions disponibles de la Revue canadienne de la ch\u00e8vre de boucherie. Revue canadienne [&hellip;]<\/p>\n","protected":false},"author":1,"featured_media":2026,"parent":0,"menu_order":0,"comment_status":"closed","ping_status":"closed","template":"","meta":{"_acf_changed":false,"footnotes":""},"class_list":["post-6646","page","type-page","status-publish","has-post-thumbnail","hentry"],"acf":[],"yoast_head":"<!-- This site is optimized with the Yoast SEO plugin v27.2 - https:\/\/yoast.com\/product\/yoast-seo-wordpress\/ -->\n<title>Abonn\u00e9s \u00e0 la Revue canadienne de la ch\u00e8vre de boucherie - Canadian Meat Goat Association<\/title>\n<meta name=\"robots\" content=\"index, follow, max-snippet:-1, max-image-preview:large, max-video-preview:-1\" \/>\n<link rel=\"canonical\" href=\"https:\/\/canadianmeatgoat.com\/fr\/abonnes\/\" \/>\n<meta property=\"og:locale\" content=\"fr_FR\" \/>\n<meta property=\"og:type\" content=\"article\" \/>\n<meta property=\"og:title\" content=\"Abonn\u00e9s \u00e0 la Revue canadienne de la ch\u00e8vre de boucherie - Canadian Meat Goat Association\" \/>\n<meta property=\"og:description\" content=\"Bienvenue dans l&rsquo;espace r\u00e9serv\u00e9 aux abonn\u00e9s de la Revue canadienne de la ch\u00e8vre de boucherie. Veuillez vous connecter pour y acc\u00e9der. Bienvenue \u00e0 l\u2019espace pour les abonn\u00e9s \u00e0 la Revue canadienne de la ch\u00e8vre de boucherie. Retrouvez dans cet espace toutes les \u00e9ditions disponibles de la Revue canadienne de la ch\u00e8vre de boucherie. Revue canadienne [&hellip;]\" \/>\n<meta property=\"og:url\" content=\"https:\/\/canadianmeatgoat.com\/fr\/abonnes\/\" \/>\n<meta property=\"og:site_name\" content=\"Canadian Meat Goat Association\" \/>\n<meta property=\"article:modified_time\" content=\"2025-08-22T12:36:09+00:00\" \/>\n<meta property=\"og:image\" content=\"https:\/\/canadianmeatgoat.com\/wp-content\/uploads\/2021\/12\/about-header-bg-scaled.jpg\" \/>\n\t<meta property=\"og:image:width\" content=\"2560\" \/>\n\t<meta property=\"og:image:height\" content=\"691\" \/>\n\t<meta property=\"og:image:type\" content=\"image\/jpeg\" \/>\n<meta name=\"twitter:card\" content=\"summary_large_image\" \/>\n<meta name=\"twitter:label1\" content=\"Dur\u00e9e de lecture estim\u00e9e\" \/>\n\t<meta name=\"twitter:data1\" content=\"6 minutes\" \/>\n<script type=\"application\/ld+json\" class=\"yoast-schema-graph\">{\"@context\":\"https:\/\/schema.org\",\"@graph\":[{\"@type\":\"WebPage\",\"@id\":\"https:\/\/canadianmeatgoat.com\/fr\/abonnes\/\",\"url\":\"https:\/\/canadianmeatgoat.com\/fr\/abonnes\/\",\"name\":\"Abonn\u00e9s \u00e0 la Revue canadienne de la ch\u00e8vre de boucherie - Canadian Meat Goat Association\",\"isPartOf\":{\"@id\":\"https:\/\/canadianmeatgoat.com\/#website\"},\"primaryImageOfPage\":{\"@id\":\"https:\/\/canadianmeatgoat.com\/fr\/abonnes\/#primaryimage\"},\"image\":{\"@id\":\"https:\/\/canadianmeatgoat.com\/fr\/abonnes\/#primaryimage\"},\"thumbnailUrl\":\"https:\/\/canadianmeatgoat.com\/wp-content\/uploads\/2021\/12\/about-header-bg-scaled.jpg\",\"datePublished\":\"2025-08-20T16:35:51+00:00\",\"dateModified\":\"2025-08-22T12:36:09+00:00\",\"breadcrumb\":{\"@id\":\"https:\/\/canadianmeatgoat.com\/fr\/abonnes\/#breadcrumb\"},\"inLanguage\":\"fr-FR\",\"potentialAction\":[{\"@type\":\"ReadAction\",\"target\":[\"https:\/\/canadianmeatgoat.com\/fr\/abonnes\/\"]}]},{\"@type\":\"ImageObject\",\"inLanguage\":\"fr-FR\",\"@id\":\"https:\/\/canadianmeatgoat.com\/fr\/abonnes\/#primaryimage\",\"url\":\"https:\/\/canadianmeatgoat.com\/wp-content\/uploads\/2021\/12\/about-header-bg-scaled.jpg\",\"contentUrl\":\"https:\/\/canadianmeatgoat.com\/wp-content\/uploads\/2021\/12\/about-header-bg-scaled.jpg\",\"width\":2560,\"height\":691},{\"@type\":\"BreadcrumbList\",\"@id\":\"https:\/\/canadianmeatgoat.com\/fr\/abonnes\/#breadcrumb\",\"itemListElement\":[{\"@type\":\"ListItem\",\"position\":1,\"name\":\"Home\",\"item\":\"https:\/\/canadianmeatgoat.com\/\"},{\"@type\":\"ListItem\",\"position\":2,\"name\":\"Abonn\u00e9s \u00e0 la Revue canadienne de la ch\u00e8vre de boucherie\"}]},{\"@type\":\"WebSite\",\"@id\":\"https:\/\/canadianmeatgoat.com\/#website\",\"url\":\"https:\/\/canadianmeatgoat.com\/\",\"name\":\"Canadian Meat Goat Association\",\"description\":\"\",\"publisher\":{\"@id\":\"https:\/\/canadianmeatgoat.com\/#organization\"},\"potentialAction\":[{\"@type\":\"SearchAction\",\"target\":{\"@type\":\"EntryPoint\",\"urlTemplate\":\"https:\/\/canadianmeatgoat.com\/?s={search_term_string}\"},\"query-input\":{\"@type\":\"PropertyValueSpecification\",\"valueRequired\":true,\"valueName\":\"search_term_string\"}}],\"inLanguage\":\"fr-FR\"},{\"@type\":\"Organization\",\"@id\":\"https:\/\/canadianmeatgoat.com\/#organization\",\"name\":\"Canadian Meat Goat Association\",\"url\":\"https:\/\/canadianmeatgoat.com\/\",\"logo\":{\"@type\":\"ImageObject\",\"inLanguage\":\"fr-FR\",\"@id\":\"https:\/\/canadianmeatgoat.com\/#\/schema\/logo\/image\/\",\"url\":\"https:\/\/canadianmeatgoat.com\/wp-content\/uploads\/2022\/02\/facebook-share.jpg\",\"contentUrl\":\"https:\/\/canadianmeatgoat.com\/wp-content\/uploads\/2022\/02\/facebook-share.jpg\",\"width\":2400,\"height\":1260,\"caption\":\"Canadian Meat Goat Association\"},\"image\":{\"@id\":\"https:\/\/canadianmeatgoat.com\/#\/schema\/logo\/image\/\"}}]}<\/script>\n<!-- \/ Yoast SEO plugin. -->","yoast_head_json":{"title":"Abonn\u00e9s \u00e0 la Revue canadienne de la ch\u00e8vre de boucherie - Canadian Meat Goat Association","robots":{"index":"index","follow":"follow","max-snippet":"max-snippet:-1","max-image-preview":"max-image-preview:large","max-video-preview":"max-video-preview:-1"},"canonical":"https:\/\/canadianmeatgoat.com\/fr\/abonnes\/","og_locale":"fr_FR","og_type":"article","og_title":"Abonn\u00e9s \u00e0 la Revue canadienne de la ch\u00e8vre de boucherie - Canadian Meat Goat Association","og_description":"Bienvenue dans l&rsquo;espace r\u00e9serv\u00e9 aux abonn\u00e9s de la Revue canadienne de la ch\u00e8vre de boucherie. Veuillez vous connecter pour y acc\u00e9der. Bienvenue \u00e0 l\u2019espace pour les abonn\u00e9s \u00e0 la Revue canadienne de la ch\u00e8vre de boucherie. Retrouvez dans cet espace toutes les \u00e9ditions disponibles de la Revue canadienne de la ch\u00e8vre de boucherie. Revue canadienne [&hellip;]","og_url":"https:\/\/canadianmeatgoat.com\/fr\/abonnes\/","og_site_name":"Canadian Meat Goat Association","article_modified_time":"2025-08-22T12:36:09+00:00","og_image":[{"width":2560,"height":691,"url":"https:\/\/canadianmeatgoat.com\/wp-content\/uploads\/2021\/12\/about-header-bg-scaled.jpg","type":"image\/jpeg"}],"twitter_card":"summary_large_image","twitter_misc":{"Dur\u00e9e de lecture estim\u00e9e":"6 minutes"},"schema":{"@context":"https:\/\/schema.org","@graph":[{"@type":"WebPage","@id":"https:\/\/canadianmeatgoat.com\/fr\/abonnes\/","url":"https:\/\/canadianmeatgoat.com\/fr\/abonnes\/","name":"Abonn\u00e9s \u00e0 la Revue canadienne de la ch\u00e8vre de boucherie - Canadian Meat Goat Association","isPartOf":{"@id":"https:\/\/canadianmeatgoat.com\/#website"},"primaryImageOfPage":{"@id":"https:\/\/canadianmeatgoat.com\/fr\/abonnes\/#primaryimage"},"image":{"@id":"https:\/\/canadianmeatgoat.com\/fr\/abonnes\/#primaryimage"},"thumbnailUrl":"https:\/\/canadianmeatgoat.com\/wp-content\/uploads\/2021\/12\/about-header-bg-scaled.jpg","datePublished":"2025-08-20T16:35:51+00:00","dateModified":"2025-08-22T12:36:09+00:00","breadcrumb":{"@id":"https:\/\/canadianmeatgoat.com\/fr\/abonnes\/#breadcrumb"},"inLanguage":"fr-FR","potentialAction":[{"@type":"ReadAction","target":["https:\/\/canadianmeatgoat.com\/fr\/abonnes\/"]}]},{"@type":"ImageObject","inLanguage":"fr-FR","@id":"https:\/\/canadianmeatgoat.com\/fr\/abonnes\/#primaryimage","url":"https:\/\/canadianmeatgoat.com\/wp-content\/uploads\/2021\/12\/about-header-bg-scaled.jpg","contentUrl":"https:\/\/canadianmeatgoat.com\/wp-content\/uploads\/2021\/12\/about-header-bg-scaled.jpg","width":2560,"height":691},{"@type":"BreadcrumbList","@id":"https:\/\/canadianmeatgoat.com\/fr\/abonnes\/#breadcrumb","itemListElement":[{"@type":"ListItem","position":1,"name":"Home","item":"https:\/\/canadianmeatgoat.com\/"},{"@type":"ListItem","position":2,"name":"Abonn\u00e9s \u00e0 la Revue canadienne de la ch\u00e8vre de boucherie"}]},{"@type":"WebSite","@id":"https:\/\/canadianmeatgoat.com\/#website","url":"https:\/\/canadianmeatgoat.com\/","name":"Canadian Meat Goat Association","description":"","publisher":{"@id":"https:\/\/canadianmeatgoat.com\/#organization"},"potentialAction":[{"@type":"SearchAction","target":{"@type":"EntryPoint","urlTemplate":"https:\/\/canadianmeatgoat.com\/?s={search_term_string}"},"query-input":{"@type":"PropertyValueSpecification","valueRequired":true,"valueName":"search_term_string"}}],"inLanguage":"fr-FR"},{"@type":"Organization","@id":"https:\/\/canadianmeatgoat.com\/#organization","name":"Canadian Meat Goat Association","url":"https:\/\/canadianmeatgoat.com\/","logo":{"@type":"ImageObject","inLanguage":"fr-FR","@id":"https:\/\/canadianmeatgoat.com\/#\/schema\/logo\/image\/","url":"https:\/\/canadianmeatgoat.com\/wp-content\/uploads\/2022\/02\/facebook-share.jpg","contentUrl":"https:\/\/canadianmeatgoat.com\/wp-content\/uploads\/2022\/02\/facebook-share.jpg","width":2400,"height":1260,"caption":"Canadian Meat Goat Association"},"image":{"@id":"https:\/\/canadianmeatgoat.com\/#\/schema\/logo\/image\/"}}]}},"_links":{"self":[{"href":"https:\/\/canadianmeatgoat.com\/fr\/wp-json\/wp\/v2\/pages\/6646","targetHints":{"allow":["GET"]}}],"collection":[{"href":"https:\/\/canadianmeatgoat.com\/fr\/wp-json\/wp\/v2\/pages"}],"about":[{"href":"https:\/\/canadianmeatgoat.com\/fr\/wp-json\/wp\/v2\/types\/page"}],"author":[{"embeddable":true,"href":"https:\/\/canadianmeatgoat.com\/fr\/wp-json\/wp\/v2\/users\/1"}],"replies":[{"embeddable":true,"href":"https:\/\/canadianmeatgoat.com\/fr\/wp-json\/wp\/v2\/comments?post=6646"}],"version-history":[{"count":18,"href":"https:\/\/canadianmeatgoat.com\/fr\/wp-json\/wp\/v2\/pages\/6646\/revisions"}],"predecessor-version":[{"id":6784,"href":"https:\/\/canadianmeatgoat.com\/fr\/wp-json\/wp\/v2\/pages\/6646\/revisions\/6784"}],"wp:featuredmedia":[{"embeddable":true,"href":"https:\/\/canadianmeatgoat.com\/fr\/wp-json\/wp\/v2\/media\/2026"}],"wp:attachment":[{"href":"https:\/\/canadianmeatgoat.com\/fr\/wp-json\/wp\/v2\/media?parent=6646"}],"curies":[{"name":"wp","href":"https:\/\/api.w.org\/{rel}","templated":true}]}}